{"id":11811,"date":"2022-05-24T10:36:34","date_gmt":"2022-05-24T09:36:34","guid":{"rendered":"https:\/\/www.costamalagatransfers.com\/?page_id=11811"},"modified":"2022-05-16T08:57:00","modified_gmt":"2022-05-16T07:57:00","slug":"contratacion-del-servicio","status":"publish","type":"page","link":"https:\/\/www.costamalagatransfers.com\/es\/contratacion-del-servicio\/","title":{"rendered":"Contrataci\u00f3n del Servicio"},"content":{"rendered":"<p>[et_pb_section fb_built=\u00bb1&#8243; custom_padding_last_edited=\u00bbon|tablet\u00bb admin_label=\u00bbHero\u00bb _builder_version=\u00bb4.14.7&#8243; use_background_color_gradient=\u00bbon\u00bb background_color_gradient_start=\u00bbrgba(27,31,37,0.2)\u00bb background_color_gradient_end=\u00bb#1b1f25&#8243; background_color_gradient_overlays_image=\u00bbon\u00bb background_image=\u00bbhttps:\/\/www.costamalagatransfers.com\/wp-content\/uploads\/2022\/02\/Los-cristales-de-un-coche-nos-desvelan-la-fecha-su-fabricacion-1920.jpg\u00bb height=\u00bb105vh\u00bb custom_margin=\u00bb0px|||\u00bb custom_padding=\u00bb0px|10%|0px|10%|true|true\u00bb custom_padding_tablet=\u00bb|30px||30px||true\u00bb custom_padding_phone=\u00bb|||||true\u00bb locked=\u00bboff\u00bb global_colors_info=\u00bb{}\u00bb][et_pb_row column_structure=\u00bb2_3,1_3&#8243; padding_top_bottom_link_1=\u00bbtrue\u00bb padding_left_right_link_1=\u00bbtrue\u00bb _builder_version=\u00bb4.14.7&#8243; background_size=\u00bbinitial\u00bb background_position=\u00bbtop_left\u00bb width=\u00bb100%\u00bb max_width=\u00bb100%\u00bb custom_margin=\u00bb|||\u00bb custom_padding=\u00bb0||0px||false|false\u00bb use_custom_width=\u00bbon\u00bb width_unit=\u00bboff\u00bb custom_width_percent=\u00bb100%\u00bb global_colors_info=\u00bb{}\u00bb][et_pb_column type=\u00bb2_3&#8243; module_class=\u00bbesp-arriba\u00bb _builder_version=\u00bb4.14.7&#8243; background_color_gradient_start=\u00bbrgba(0,0,0,0.33)\u00bb background_color_gradient_end=\u00bbrgba(255,255,255,0)\u00bb custom_padding=\u00bb12vw|40px|12vw|40px|false|false\u00bb custom_padding_tablet=\u00bb|||\u00bb custom_padding_phone=\u00bb|10px||10px||true\u00bb custom_padding_last_edited=\u00bbon|desktop\u00bb global_colors_info=\u00bb{}\u00bb padding_phone=\u00bb|10px||10px||true\u00bb padding_tablet=\u00bb|||\u00bb padding_last_edited=\u00bbon|desktop\u00bb custom_padding__hover=\u00bb|||\u00bb][et_pb_text _builder_version=\u00bb4.14.7&#8243; text_font=\u00bbLato||||||||\u00bb text_font_size=\u00bb20px\u00bb text_line_height=\u00bb1.8em\u00bb header_font=\u00bb|600||on|||||\u00bb header_font_size=\u00bb5vw\u00bb header_letter_spacing=\u00bb0.02em\u00bb header_line_height=\u00bb0.9em\u00bb background_layout=\u00bbdark\u00bb custom_margin=\u00bb|-10vw|0px|\u00bb custom_margin_tablet=\u00bb|0vw||\u00bb custom_margin_phone=\u00bb|-5vw||\u00bb custom_margin_last_edited=\u00bbon|tablet\u00bb animation_style=\u00bbzoom\u00bb animation_delay=\u00bb100ms\u00bb animation_intensity_zoom=\u00bb10%\u00bb hover_enabled=\u00bb0&#8243; header_font_size_tablet=\u00bb\u00bb header_font_size_phone=\u00bb\u00bb header_font_size_last_edited=\u00bbon|phone\u00bb header_line_height_tablet=\u00bb\u00bb header_line_height_phone=\u00bb1.2em\u00bb header_line_height_last_edited=\u00bbon|phone\u00bb header_text_shadow_style=\u00bbpreset1&#8243; header_text_shadow_vertical_length=\u00bb0.18em\u00bb header_text_shadow_blur_strength=\u00bb0.27em\u00bb header_text_shadow_color=\u00bbrgba(0,0,0,0.38)\u00bb global_colors_info=\u00bb{}\u00bb sticky_enabled=\u00bb0&#8243;]<\/p>\n<h1>Contrataci\u00f3n del Servicio<\/h1>\n<p>[\/et_pb_text][\/et_pb_column][et_pb_column type=\u00bb1_3&#8243; _builder_version=\u00bb3.25&#8243; custom_padding=\u00bb|||\u00bb global_colors_info=\u00bb{}\u00bb custom_padding__hover=\u00bb|||\u00bb][\/et_pb_column][\/et_pb_row][\/et_pb_section][et_pb_section fb_built=\u00bb1&#8243; _builder_version=\u00bb4.14.7&#8243; _module_preset=\u00bbdefault\u00bb global_colors_info=\u00bb{}\u00bb][et_pb_row _builder_version=\u00bb4.14.7&#8243; _module_preset=\u00bbdefault\u00bb global_colors_info=\u00bb{}\u00bb][et_pb_column type=\u00bb4_4&#8243; _builder_version=\u00bb4.14.7&#8243; _module_preset=\u00bbdefault\u00bb global_colors_info=\u00bb{}\u00bb][et_pb_text _builder_version=\u00bb4.14.7&#8243; _module_preset=\u00bbdefault\u00bb hover_enabled=\u00bb0&#8243; global_colors_info=\u00bb{}\u00bb sticky_enabled=\u00bb0&#8243;]<\/p>\n<p>Para solicitar un Servicio, debe seguir los procedimientos de solicitud establecidos en el formulario de reserva de nuestro sitio web. Todas las solicitudes deben efectuarse al menos 6 horas antes de su salida.<\/p>\n<p>Durante el proceso de reserva, el cliente recibir\u00e1 un correo electr\u00f3nico informando que su reserva est\u00e1 siendo tramitada. Esto implica que todv\u00eda no tiene asignado ning\u00fan veh\u00edculo ni ch\u00f3fer para poder realizar el trayecto deseado.<\/p>\n<p>Recibir\u00e1 un segundo correo en el cual se le confirmar\u00e1 la aceptaci\u00f3n de la reserva. En dicho mensaje se incluir\u00e1 un link para efectuar el pago de la misma. Una vez realizada la transaccci\u00f3n mediante las plataformas de pago ofrecidas en nuestra web, la cual ser\u00e1 confirmado con un correo, la reserva estar\u00e1 contratada.<\/p>\n<p>El cliente y acompa\u00f1antes (en caso de que hubiere y seg\u00fan lo acordado en el proceso de reserva) deber\u00e1 estar en el punto indicado de recogida y hora establecido por \u00e9l.<\/p>\n<p>En caso de no comparecer, entendemos que el cliente ha renunciado al servicio contratado y no se efectaur\u00e1 devoluci\u00f3n ninguna de los importes abonados por este.<\/p>\n<p>Tenemos derecho a rechazar cualquier solicitud de Servicio que usted realice. En dicho caso, cuando el cliente solicite una reserva, si ha sido rechazada, recibir\u00e1 un mensaje notific\u00e1ndole dicha circunstancia, entendiendo as\u00ed que no se establece ninguna relaci\u00f3n contractual entre el demandante de servicio y COSTA M\u00c1LAGA TRANSFERS.<\/p>\n<p>Usted confirma que todos los datos que nos proporciona con el fin de adquirir nuestros servicios son correctos, que es el titular de la tarjeta de cr\u00e9dito o d\u00e9bito que utiliza para efectuar el pago y que cuenta con los fondos o las facilidades de cr\u00e9dito suficientes para cubrir el coste del Servicio. Nos reservamos el derecho de obtener la validaci\u00f3n de los datos de la tarjeta de cr\u00e9dito o d\u00e9bito antes de prestarle el Servicio. Si no podemos obtener la validaci\u00f3n de tales datos y el pago no se efect\u00faa, nos reservamos el derecho de cancelar la reserva, por lo cual, no se prestar\u00e1 el Servicio solicitado.Es su responsabilidad comprobar los detalles de su reserva antes de viajar e informarnos si hay alg\u00fan error. COSTA M\u00c1LAGA TRANSFERS no se hace responsable si los datos introducidos en el momento de hacer la solicitud son incorrectos. Debe identificarse y mostrar la reserva confirmada al ch\u00f3fer al comenzar el viaje. El ch\u00f3fer puede negarse a realizar el traslado si no le muestra su vale de reserva.<\/p>\n<h3><strong>Precios y pago<\/strong><\/h3>\n<p>Nota especial: A veces se producen cambios y errores en los precios anunciados y confirmados y en otros detalles del sitio web. Debe comprobar el precio de los traslados que ha elegido en el momento de efectuar la reserva.<\/p>\n<p>En nuestro sitio web puede ver los precios detallados del Servicio y los procedimientos de pago y prestaci\u00f3n del Servicio contratado. El precio aplicable de cualquier Servicio es el precio que se muestra en nuestro sitio web en la fecha y a la hora en que efect\u00faa la solicitud de Servicio. Podemos modificar el precio de cualquier Servicio en nuestro sitio web antes de que usted haga la solicitud. Tratamos de garantizar que los precios publicados en nuestro sitio web sean exactos, pero deberemos validar el precio del Servicio que solicite como parte del procedimiento de aceptaci\u00f3n. Al aceptar estos t\u00e9rminos y condiciones una vez que el precio del Servicio se confirma, usted renuncia a su derecho a que la tarifa del Servicio se calcule con tax\u00edmetro.<\/p>\n<p>Le informaremos si el precio correcto de un Servicio es superior al que se especifica en su solicitud, y usted podr\u00e1 cancelarlo y decidir si desea contratar el Servicio, o no, al precio correcto. Si cancela la solicitud de Servicio, le reembolsaremos el dinero que haya abonado.<\/p>\n<p>Los precios presupuestados son por veh\u00edculos y distancia recorrida. Dichos precios podr\u00eda variar seg\u00fan la hora de incio, n\u00famero de pasajeros y extras que pueden a\u00f1adir al servicio.<\/p>\n<p>Debe abonar con tarjeta de cr\u00e9dito o d\u00e9bito en el momento de efectuar la solicitud, tal y como se indica en la p\u00e1gina de solicitud de Servicio de nuestro sitio web. En dicha p\u00e1gina, tambi\u00e9n se indican las tarjetas que aceptamos. Las empresas emisoras de tarjetas nos cobran gastos de gesti\u00f3n, y nosotros se los cobraremos a usted si abona con tarjeta de cr\u00e9dito o d\u00e9bito.<\/p>\n<h3><strong>Solicitudes especiales<\/strong><\/h3>\n<p>Nos debe informar sobre cualquier solicitud especial en el momento de efectuar la reserva sin embargo no podemos garantizar que se cumplan y no tendremos ninguna responsabilidad hacia usted si no se cumplen.<\/p>\n<h3><strong>Cambios y cancelaciones efectuados por usted<\/strong><\/h3>\n<p>Se pueden realizar modificaciones directamente en l\u00ednea hasta 2 d\u00edas antes del primer (o \u00fanico) tramo del traslado que ha reservado. Si no, debe enviarnos cualquier solicitud de modificaci\u00f3n por escrito, por correo electr\u00f3nico a fgprivatetransfers@gmail.com o llamando a nuestro tel\u00e9fono +34 673 017 014 solo en horario comercial de Espa\u00f1a, y entrar\u00e1 en vigor a partir del d\u00eda de recepci\u00f3n. No se aceptar\u00e1n modificaciones fuera del horario comercial de Espa\u00f1a. Aunque vamos a tratar de ayudar, no podemos garantizar que las solicitudes de modificaci\u00f3n se cumplan. Se podr\u00eda aplicar una comisi\u00f3n.<\/p>\n<h3><strong>Cambios y Cancelaciones efectuados por COSTA M\u00c1LAGA TRANSFERS<\/strong><\/h3>\n<p>Le informaremos tan pronto como sea posible si nosotros tendr\u00edamos que hacer un cambio significativo en los Servicios confirmados o si tiene que cancelarlos. Tambi\u00e9n haremos todo lo posible para encontrar alternativas de servicios adecuados para usted sin costo adicional, pero no tendremos ninguna otra responsabilidad hacia usted.<br \/>En caso de cancelaci\u00f3n por parte de COSTA M\u00c1LAGA TARNSFERS, se le devolver\u00eda el importe abonado por usted previamente.<\/p>\n<h3><strong>Nuestra Responsabilidad<\/strong><\/h3>\n<p>1. No aceptamos ninguna responsabilidad por cualquier enfermedad, lesi\u00f3n, muerte o p\u00e9rdida de ning\u00fan tipo. Esto incluye la p\u00e9rdida, da\u00f1o o robo de equipaje o enseres personales que lleven usted o su grupo. Cualquier reclamaci\u00f3n por p\u00e9rdida, lesi\u00f3n, enfermedad o muerte puede ser cubierta por los t\u00e9rminos de su seguro. S\u00f3lo aceptamos responsabilidad por las reclamaciones que se presenten \u00fanicamente como resultado de nuestra propia negligencia.<\/p>\n<p>2. En el caso de que se declare que somos responsables hacia usted en cualquier forma, nuestra responsabilidad m\u00e1xima se limitar\u00e1 al doble del coste de la reserva (o la proporci\u00f3n adecuada de esta si no todas las personas en la reserva se ven afectadas). No excluimos ni limitamos cualquier responsabilidad por muerte o lesiones personales que surja como resultado de nuestra negligencia o la de cualquiera de nuestros empleados durante el desempe\u00f1o de su empleo.<\/p>\n<h3><strong>Fuerza mayor<\/strong><\/h3>\n<p>Fuerza mayor significa que nosotros no le pagaremos indemnizaci\u00f3n si nosotros tenemos que cancelar o cambiar cualquier Servicio debido a circunstancias imprevisibles m\u00e1s all\u00e1 de nuestro control. Entre tales circunstancias se incluyen, sin car\u00e1cter taxativo, accidentes y retrasos relacionados; marchas de protesta no planificadas; manifestaciones y disturbios organizados; operaciones policiales; peligros en la carretera imprevistos; actividad terrorista y sus consecuencias, o la amenaza de tal actividad; revuelta; el acto de cualquier gobierno o cualquier otra autoridad nacional o local; litigio industrial; desastre natural o nuclear; incendio y condiciones meteorol\u00f3gicas adversas u otros acontecimientos parecidos que queden fuera de nosotros.<\/p>\n<h3><strong>Sus responsabilidades<\/strong><\/h3>\n<p>1. Es su responsabilidad viajar con el vale de reserva, en el cual se indican las instrucciones sobre la llegada (que son diferentes en cada destino), los n\u00fameros de contacto locales importantes en caso de emergencia, los horarios de reconfirmaci\u00f3n de la oficina local y el n\u00famero de contacto. Esta informaci\u00f3n est\u00e1 claramente especificada en su vale de reserva y en el sitio web. Nosotros no aceptamos ning\u00fan tipo de responsabilidad ni reclamaciones de indemnizaci\u00f3n por ninguna p\u00e9rdida del Servicio u otra p\u00e9rdida en el caso de que usted no viaje con su vale de reserva.<\/p>\n<p>2. Si proviene de un vuelo, viaje en bus o tren y este se desv\u00eda, le recomendamos que nos lo comunique, puesto que es posible que podamos ayudarle a reservar un traslado alternativo. Tenga en cuenta que nosotros no seremos responsables de pagar por preparativos alternativos.<\/p>\n<h3><strong>Si tiene alguna queja<\/strong><\/h3>\n<p>Si detecta alg\u00fan problema en el Servicio prestado, comun\u00edquelo a COSTA M\u00c1LAGA TRANSFERS. Nos esforzaremos por investigar el asunto e intentaremos solucionar el problema de inmediato. Si no nos notifica a nosotros su queja en este punto, se ver\u00e1 afectada nuestra capacidad de investigar el asunto objeto de la queja, al igual que sus derechos en virtud de este contrato.<\/p>\n<p>[\/et_pb_text][\/et_pb_column][\/et_pb_row][\/et_pb_section]<\/p>\n","protected":false},"excerpt":{"rendered":"<p>Contrataci\u00f3n del ServicioPara solicitar un Servicio, debe seguir los procedimientos de solicitud establecidos en el formulario de reserva de nuestro sitio web. Todas las solicitudes deben efectuarse al menos 6 horas antes de su salida. Durante el proceso de reserva, el cliente recibir\u00e1 un correo electr\u00f3nico informando que su reserva est\u00e1 siendo tramitada. Esto implica [&hellip;]<\/p>\n","protected":false},"author":1,"featured_media":0,"parent":0,"menu_order":0,"comment_status":"closed","ping_status":"closed","template":"","meta":{"_et_pb_use_builder":"on","_et_pb_old_content":"","_et_gb_content_width":"","footnotes":""},"class_list":["post-11811","page","type-page","status-publish","hentry"],"yoast_head":"<!-- This site is optimized with the Yoast SEO plugin v25.4 - https:\/\/yoast.com\/wordpress\/plugins\/seo\/ -->\n<title>Contrataci\u00f3n del Servicio - Costa M\u00e1laga Transfers<\/title>\n<meta name=\"description\" content=\"Costa Malaga Transfer offers 24\/7 private airport transfers to Marbella, Granada, Gibraltar, and all Costa del Sol destinations and more. Enjoy safe, on-time, and fixed-price rides with professional drivers.\" \/>\n<meta name=\"robots\" content=\"index, follow, max-snippet:-1, max-image-preview:large, max-video-preview:-1\" \/>\n<link rel=\"canonical\" href=\"https:\/\/www.costamalagatransfers.com\/es\/contratacion-del-servicio\/\" \/>\n<meta property=\"og:locale\" content=\"es_ES\" \/>\n<meta property=\"og:type\" content=\"article\" \/>\n<meta property=\"og:title\" content=\"Contrataci\u00f3n del Servicio - Costa M\u00e1laga Transfers\" \/>\n<meta property=\"og:description\" content=\"Costa Malaga Transfer offers 24\/7 private airport transfers to Marbella, Granada, Gibraltar, and all Costa del Sol destinations and more. Enjoy safe, on-time, and fixed-price rides with professional drivers.\" \/>\n<meta property=\"og:url\" content=\"https:\/\/www.costamalagatransfers.com\/es\/contratacion-del-servicio\/\" \/>\n<meta property=\"og:site_name\" content=\"Costa M\u00e1laga Transfers\" \/>\n<meta name=\"twitter:card\" content=\"summary_large_image\" \/>\n<meta name=\"twitter:label1\" content=\"Tiempo de lectura\" \/>\n\t<meta name=\"twitter:data1\" content=\"9 minutos\" \/>\n<script type=\"application\/ld+json\" class=\"yoast-schema-graph\">{\"@context\":\"https:\/\/schema.org\",\"@graph\":[{\"@type\":\"WebPage\",\"@id\":\"https:\/\/www.costamalagatransfers.com\/es\/contratacion-del-servicio\/\",\"url\":\"https:\/\/www.costamalagatransfers.com\/es\/contratacion-del-servicio\/\",\"name\":\"Contrataci\u00f3n del Servicio - Costa M\u00e1laga Transfers\",\"isPartOf\":{\"@id\":\"https:\/\/www.costamalagatransfers.com\/#website\"},\"datePublished\":\"2022-05-24T09:36:34+00:00\",\"description\":\"Costa Malaga Transfer offers 24\/7 private airport transfers to Marbella, Granada, Gibraltar, and all Costa del Sol destinations and more. Enjoy safe, on-time, and fixed-price rides with professional drivers.\",\"breadcrumb\":{\"@id\":\"https:\/\/www.costamalagatransfers.com\/es\/contratacion-del-servicio\/#breadcrumb\"},\"inLanguage\":\"es\",\"potentialAction\":[{\"@type\":\"ReadAction\",\"target\":[\"https:\/\/www.costamalagatransfers.com\/es\/contratacion-del-servicio\/\"]}]},{\"@type\":\"BreadcrumbList\",\"@id\":\"https:\/\/www.costamalagatransfers.com\/es\/contratacion-del-servicio\/#breadcrumb\",\"itemListElement\":[{\"@type\":\"ListItem\",\"position\":1,\"name\":\"Home\",\"item\":\"https:\/\/www.costamalagatransfers.com\/es\/inicio\/\"},{\"@type\":\"ListItem\",\"position\":2,\"name\":\"Contrataci\u00f3n del Servicio\"}]},{\"@type\":\"WebSite\",\"@id\":\"https:\/\/www.costamalagatransfers.com\/#website\",\"url\":\"https:\/\/www.costamalagatransfers.com\/\",\"name\":\"Costa Malaga Transfer \u2013 Premium Malaga Airport Taxi & Shuttle Service\",\"description\":\"Costa M\u00e1laga Transfers\",\"publisher\":{\"@id\":\"https:\/\/www.costamalagatransfers.com\/#\/schema\/person\/3753178c13a923d08a0e8b93507c4934\"},\"alternateName\":\"CMT Transfers\",\"potentialAction\":[{\"@type\":\"SearchAction\",\"target\":{\"@type\":\"EntryPoint\",\"urlTemplate\":\"https:\/\/www.costamalagatransfers.com\/?s={search_term_string}\"},\"query-input\":{\"@type\":\"PropertyValueSpecification\",\"valueRequired\":true,\"valueName\":\"search_term_string\"}}],\"inLanguage\":\"es\"},{\"@type\":[\"Person\",\"Organization\"],\"@id\":\"https:\/\/www.costamalagatransfers.com\/#\/schema\/person\/3753178c13a923d08a0e8b93507c4934\",\"name\":\"Curro Costa M\u00e1laga Transfer\",\"image\":{\"@type\":\"ImageObject\",\"inLanguage\":\"es\",\"@id\":\"https:\/\/www.costamalagatransfers.com\/#\/schema\/person\/image\/\",\"url\":\"https:\/\/secure.gravatar.com\/avatar\/aeb93365880d77ee1d192916c92de1cd65b3843fb244bf54cbe1631d31168b28?s=96&d=mm&r=g\",\"contentUrl\":\"https:\/\/secure.gravatar.com\/avatar\/aeb93365880d77ee1d192916c92de1cd65b3843fb244bf54cbe1631d31168b28?s=96&d=mm&r=g\",\"caption\":\"Curro Costa M\u00e1laga Transfer\"},\"logo\":{\"@id\":\"https:\/\/www.costamalagatransfers.com\/#\/schema\/person\/image\/\"}}]}<\/script>\n<!-- \/ Yoast SEO plugin. -->","yoast_head_json":{"title":"Contrataci\u00f3n del Servicio - Costa M\u00e1laga Transfers","description":"Costa Malaga Transfer offers 24\/7 private airport transfers to Marbella, Granada, Gibraltar, and all Costa del Sol destinations and more. Enjoy safe, on-time, and fixed-price rides with professional drivers.","robots":{"index":"index","follow":"follow","max-snippet":"max-snippet:-1","max-image-preview":"max-image-preview:large","max-video-preview":"max-video-preview:-1"},"canonical":"https:\/\/www.costamalagatransfers.com\/es\/contratacion-del-servicio\/","og_locale":"es_ES","og_type":"article","og_title":"Contrataci\u00f3n del Servicio - Costa M\u00e1laga Transfers","og_description":"Costa Malaga Transfer offers 24\/7 private airport transfers to Marbella, Granada, Gibraltar, and all Costa del Sol destinations and more. Enjoy safe, on-time, and fixed-price rides with professional drivers.","og_url":"https:\/\/www.costamalagatransfers.com\/es\/contratacion-del-servicio\/","og_site_name":"Costa M\u00e1laga Transfers","twitter_card":"summary_large_image","twitter_misc":{"Tiempo de lectura":"9 minutos"},"schema":{"@context":"https:\/\/schema.org","@graph":[{"@type":"WebPage","@id":"https:\/\/www.costamalagatransfers.com\/es\/contratacion-del-servicio\/","url":"https:\/\/www.costamalagatransfers.com\/es\/contratacion-del-servicio\/","name":"Contrataci\u00f3n del Servicio - Costa M\u00e1laga Transfers","isPartOf":{"@id":"https:\/\/www.costamalagatransfers.com\/#website"},"datePublished":"2022-05-24T09:36:34+00:00","description":"Costa Malaga Transfer offers 24\/7 private airport transfers to Marbella, Granada, Gibraltar, and all Costa del Sol destinations and more. Enjoy safe, on-time, and fixed-price rides with professional drivers.","breadcrumb":{"@id":"https:\/\/www.costamalagatransfers.com\/es\/contratacion-del-servicio\/#breadcrumb"},"inLanguage":"es","potentialAction":[{"@type":"ReadAction","target":["https:\/\/www.costamalagatransfers.com\/es\/contratacion-del-servicio\/"]}]},{"@type":"BreadcrumbList","@id":"https:\/\/www.costamalagatransfers.com\/es\/contratacion-del-servicio\/#breadcrumb","itemListElement":[{"@type":"ListItem","position":1,"name":"Home","item":"https:\/\/www.costamalagatransfers.com\/es\/inicio\/"},{"@type":"ListItem","position":2,"name":"Contrataci\u00f3n del Servicio"}]},{"@type":"WebSite","@id":"https:\/\/www.costamalagatransfers.com\/#website","url":"https:\/\/www.costamalagatransfers.com\/","name":"Costa Malaga Transfer \u2013 Premium Malaga Airport Taxi & Shuttle Service","description":"Costa M\u00e1laga Transfers","publisher":{"@id":"https:\/\/www.costamalagatransfers.com\/#\/schema\/person\/3753178c13a923d08a0e8b93507c4934"},"alternateName":"CMT Transfers","potentialAction":[{"@type":"SearchAction","target":{"@type":"EntryPoint","urlTemplate":"https:\/\/www.costamalagatransfers.com\/?s={search_term_string}"},"query-input":{"@type":"PropertyValueSpecification","valueRequired":true,"valueName":"search_term_string"}}],"inLanguage":"es"},{"@type":["Person","Organization"],"@id":"https:\/\/www.costamalagatransfers.com\/#\/schema\/person\/3753178c13a923d08a0e8b93507c4934","name":"Curro Costa M\u00e1laga Transfer","image":{"@type":"ImageObject","inLanguage":"es","@id":"https:\/\/www.costamalagatransfers.com\/#\/schema\/person\/image\/","url":"https:\/\/secure.gravatar.com\/avatar\/aeb93365880d77ee1d192916c92de1cd65b3843fb244bf54cbe1631d31168b28?s=96&d=mm&r=g","contentUrl":"https:\/\/secure.gravatar.com\/avatar\/aeb93365880d77ee1d192916c92de1cd65b3843fb244bf54cbe1631d31168b28?s=96&d=mm&r=g","caption":"Curro Costa M\u00e1laga Transfer"},"logo":{"@id":"https:\/\/www.costamalagatransfers.com\/#\/schema\/person\/image\/"}}]}},"_links":{"self":[{"href":"https:\/\/www.costamalagatransfers.com\/es\/wp-json\/wp\/v2\/pages\/11811","targetHints":{"allow":["GET"]}}],"collection":[{"href":"https:\/\/www.costamalagatransfers.com\/es\/wp-json\/wp\/v2\/pages"}],"about":[{"href":"https:\/\/www.costamalagatransfers.com\/es\/wp-json\/wp\/v2\/types\/page"}],"author":[{"embeddable":true,"href":"https:\/\/www.costamalagatransfers.com\/es\/wp-json\/wp\/v2\/users\/1"}],"replies":[{"embeddable":true,"href":"https:\/\/www.costamalagatransfers.com\/es\/wp-json\/wp\/v2\/comments?post=11811"}],"version-history":[{"count":0,"href":"https:\/\/www.costamalagatransfers.com\/es\/wp-json\/wp\/v2\/pages\/11811\/revisions"}],"wp:attachment":[{"href":"https:\/\/www.costamalagatransfers.com\/es\/wp-json\/wp\/v2\/media?parent=11811"}],"curies":[{"name":"wp","href":"https:\/\/api.w.org\/{rel}","templated":true}]}}