{"id":11807,"date":"2022-05-24T10:41:10","date_gmt":"2022-05-24T08:41:10","guid":{"rendered":"https:\/\/www.costamalagatransfers.com\/?page_id=11807"},"modified":"2022-05-27T07:34:05","modified_gmt":"2022-05-27T06:34:05","slug":"metodos-de-pago","status":"publish","type":"page","link":"https:\/\/www.costamalagatransfers.com\/es\/metodos-de-pago\/","title":{"rendered":"M\u00e9todos de Pago"},"content":{"rendered":"<p>[et_pb_section fb_built=\u00bb1&#8243; custom_padding_last_edited=\u00bbon|tablet\u00bb admin_label=\u00bbHero\u00bb _builder_version=\u00bb4.14.7&#8243; use_background_color_gradient=\u00bbon\u00bb background_color_gradient_start=\u00bbrgba(27,31,37,0.2)\u00bb background_color_gradient_end=\u00bb#1b1f25&#8243; background_color_gradient_overlays_image=\u00bbon\u00bb background_image=\u00bbhttps:\/\/www.costamalagatransfers.com\/wp-content\/uploads\/2022\/02\/Los-cristales-de-un-coche-nos-desvelan-la-fecha-su-fabricacion-1920.jpg\u00bb height=\u00bb80vh\u00bb custom_margin=\u00bb0px|||\u00bb custom_padding=\u00bb0px|10%|0px|10%|true|true\u00bb custom_padding_tablet=\u00bb|30px||30px||true\u00bb custom_padding_phone=\u00bb|||||true\u00bb hover_enabled=\u00bb0&#8243; locked=\u00bboff\u00bb global_colors_info=\u00bb{}\u00bb sticky_enabled=\u00bb0&#8243;][et_pb_row column_structure=\u00bb2_3,1_3&#8243; padding_top_bottom_link_1=\u00bbtrue\u00bb padding_left_right_link_1=\u00bbtrue\u00bb _builder_version=\u00bb4.14.7&#8243; background_size=\u00bbinitial\u00bb background_position=\u00bbtop_left\u00bb width=\u00bb100%\u00bb max_width=\u00bb100%\u00bb custom_margin=\u00bb|||\u00bb custom_padding=\u00bb0||0px||false|false\u00bb use_custom_width=\u00bbon\u00bb width_unit=\u00bboff\u00bb custom_width_percent=\u00bb100%\u00bb global_colors_info=\u00bb{}\u00bb][et_pb_column type=\u00bb2_3&#8243; module_class=\u00bbesp-arriba\u00bb _builder_version=\u00bb4.14.7&#8243; background_color_gradient_start=\u00bbrgba(0,0,0,0.33)\u00bb background_color_gradient_end=\u00bbrgba(255,255,255,0)\u00bb custom_padding=\u00bb12vw|40px|12vw|40px|false|false\u00bb custom_padding_tablet=\u00bb|||\u00bb custom_padding_phone=\u00bb|10px||10px||true\u00bb custom_padding_last_edited=\u00bbon|desktop\u00bb global_colors_info=\u00bb{}\u00bb padding_phone=\u00bb|10px||10px||true\u00bb padding_tablet=\u00bb|||\u00bb padding_last_edited=\u00bbon|desktop\u00bb custom_padding__hover=\u00bb|||\u00bb][et_pb_text _builder_version=\u00bb4.14.7&#8243; text_font=\u00bbLato||||||||\u00bb text_font_size=\u00bb20px\u00bb text_line_height=\u00bb1.8em\u00bb header_font=\u00bb|600||on|||||\u00bb header_font_size=\u00bb5vw\u00bb header_letter_spacing=\u00bb0.02em\u00bb header_line_height=\u00bb0.9em\u00bb background_layout=\u00bbdark\u00bb custom_margin=\u00bb|-10vw|0px|\u00bb custom_margin_tablet=\u00bb|0vw||\u00bb custom_margin_phone=\u00bb|-5vw||\u00bb custom_margin_last_edited=\u00bbon|tablet\u00bb animation_style=\u00bbzoom\u00bb animation_delay=\u00bb100ms\u00bb animation_intensity_zoom=\u00bb10%\u00bb header_font_size_tablet=\u00bb\u00bb header_font_size_phone=\u00bb\u00bb header_font_size_last_edited=\u00bbon|phone\u00bb header_line_height_tablet=\u00bb\u00bb header_line_height_phone=\u00bb1.2em\u00bb header_line_height_last_edited=\u00bbon|phone\u00bb header_text_shadow_style=\u00bbpreset1&#8243; header_text_shadow_vertical_length=\u00bb0.18em\u00bb header_text_shadow_blur_strength=\u00bb0.27em\u00bb header_text_shadow_color=\u00bbrgba(0,0,0,0.38)\u00bb global_colors_info=\u00bb{}\u00bb]<\/p>\n<h1>M\u00e9todos de Pago<\/h1>\n<p>[\/et_pb_text][\/et_pb_column][et_pb_column type=\u00bb1_3&#8243; _builder_version=\u00bb3.25&#8243; custom_padding=\u00bb|||\u00bb global_colors_info=\u00bb{}\u00bb custom_padding__hover=\u00bb|||\u00bb][\/et_pb_column][\/et_pb_row][\/et_pb_section][et_pb_section fb_built=\u00bb1&#8243; _builder_version=\u00bb4.14.7&#8243; _module_preset=\u00bbdefault\u00bb global_colors_info=\u00bb{}\u00bb][et_pb_row _builder_version=\u00bb4.14.7&#8243; _module_preset=\u00bbdefault\u00bb global_colors_info=\u00bb{}\u00bb][et_pb_column type=\u00bb4_4&#8243; _builder_version=\u00bb4.14.7&#8243; _module_preset=\u00bbdefault\u00bb global_colors_info=\u00bb{}\u00bb][et_pb_text _builder_version=\u00bb4.14.7&#8243; _module_preset=\u00bbdefault\u00bb global_colors_info=\u00bb{}\u00bb]<\/p>\n<h3><strong>M\u00e9todos de pago<\/strong><\/h3>\n<p>COSTA M\u00c1LGA TRANSFER permite realizar los pagos de sus servicios mediante dos v\u00edas:<\/p>\n<p>Paypal: es uno de los sistemas de pago en Internet m\u00e1s c\u00f3modo, fiable y usado del mundo. Si tiene una cuenta Paypal, s\u00f3lo tiene que acceder con su correo y contrase\u00f1a, r\u00e1pido y seguro. Si no tiene una cuenta Paypal, tambi\u00e9n tiene la opci\u00f3n de pagar con su tarjeta de cr\u00e9dito\/d\u00e9bito sin necesidad de crear ninguna cuenta.<\/p>\n<p>Pago con Tarjeta: Si se realiza el pago con tarjeta de cr\u00e9dito, el cobro sobre la tarjeta se efectuar\u00e1 a trav\u00e9s de TPV bancario. Todas las transacciones comerciales son realizadas en un entorno de servidor seguro bajo protocolo SSL (Secure Socket Layer), y la normativa PSD2 (Payment Services Directive EU 2015\/2366), lo que garantiza la seguridad y privacidad de sus datos.<\/p>\n<p>El sitio web utiliza t\u00e9cnicas de seguridad de la informaci\u00f3n generalmente aceptada en la industria, tales como firewalls, procedimientos de control de acceso y mecanismos criptogr\u00e1ficos, todo ello con el objeto de evitar el acceso no autorizado de datos. Para lograr estos fines, el usuario\/cliente acepta que el prestador obtenga datos para efecto de la correspondiente autenticaci\u00f3n de los controles de acceso.<\/p>\n<p>[\/et_pb_text][\/et_pb_column][\/et_pb_row][\/et_pb_section]<\/p>\n","protected":false},"excerpt":{"rendered":"<p>M\u00e9todos de PagoM\u00e9todos de pago COSTA M\u00c1LGA TRANSFER permite realizar los pagos de sus servicios mediante dos v\u00edas: Paypal: es uno de los sistemas de pago en Internet m\u00e1s c\u00f3modo, fiable y usado del mundo. Si tiene una cuenta Paypal, s\u00f3lo tiene que acceder con su correo y contrase\u00f1a, r\u00e1pido y seguro. Si no tiene [&hellip;]<\/p>\n","protected":false},"author":1,"featured_media":0,"parent":0,"menu_order":0,"comment_status":"closed","ping_status":"closed","template":"","meta":{"_et_pb_use_builder":"on","_et_pb_old_content":"","_et_gb_content_width":"","footnotes":""},"class_list":["post-11807","page","type-page","status-publish","hentry"],"yoast_head":"<!-- This site is optimized with the Yoast SEO plugin v25.4 - https:\/\/yoast.com\/wordpress\/plugins\/seo\/ -->\n<title>M\u00e9todos de Pago - Costa M\u00e1laga Transfers<\/title>\n<meta name=\"description\" content=\"Costa Malaga Transfer offers 24\/7 private airport transfers to Marbella, Granada, Gibraltar, and all Costa del Sol destinations and more. Enjoy safe, on-time, and fixed-price rides with professional drivers.\" \/>\n<meta name=\"robots\" content=\"index, follow, max-snippet:-1, max-image-preview:large, max-video-preview:-1\" \/>\n<link rel=\"canonical\" href=\"https:\/\/www.costamalagatransfers.com\/es\/metodos-de-pago\/\" \/>\n<meta property=\"og:locale\" content=\"es_ES\" \/>\n<meta property=\"og:type\" content=\"article\" \/>\n<meta property=\"og:title\" content=\"M\u00e9todos de Pago - Costa M\u00e1laga Transfers\" \/>\n<meta property=\"og:description\" content=\"Costa Malaga Transfer offers 24\/7 private airport transfers to Marbella, Granada, Gibraltar, and all Costa del Sol destinations and more. Enjoy safe, on-time, and fixed-price rides with professional drivers.\" \/>\n<meta property=\"og:url\" content=\"https:\/\/www.costamalagatransfers.com\/es\/metodos-de-pago\/\" \/>\n<meta property=\"og:site_name\" content=\"Costa M\u00e1laga Transfers\" \/>\n<meta property=\"article:modified_time\" content=\"2022-05-27T06:34:05+00:00\" \/>\n<meta name=\"twitter:card\" content=\"summary_large_image\" \/>\n<meta name=\"twitter:label1\" content=\"Tiempo de lectura\" \/>\n\t<meta name=\"twitter:data1\" content=\"3 minutos\" \/>\n<script type=\"application\/ld+json\" class=\"yoast-schema-graph\">{\"@context\":\"https:\/\/schema.org\",\"@graph\":[{\"@type\":\"WebPage\",\"@id\":\"https:\/\/www.costamalagatransfers.com\/es\/metodos-de-pago\/\",\"url\":\"https:\/\/www.costamalagatransfers.com\/es\/metodos-de-pago\/\",\"name\":\"M\u00e9todos de Pago - Costa M\u00e1laga Transfers\",\"isPartOf\":{\"@id\":\"https:\/\/www.costamalagatransfers.com\/#website\"},\"datePublished\":\"2022-05-24T08:41:10+00:00\",\"dateModified\":\"2022-05-27T06:34:05+00:00\",\"description\":\"Costa Malaga Transfer offers 24\/7 private airport transfers to Marbella, Granada, Gibraltar, and all Costa del Sol destinations and more. Enjoy safe, on-time, and fixed-price rides with professional drivers.\",\"breadcrumb\":{\"@id\":\"https:\/\/www.costamalagatransfers.com\/es\/metodos-de-pago\/#breadcrumb\"},\"inLanguage\":\"es\",\"potentialAction\":[{\"@type\":\"ReadAction\",\"target\":[\"https:\/\/www.costamalagatransfers.com\/es\/metodos-de-pago\/\"]}]},{\"@type\":\"BreadcrumbList\",\"@id\":\"https:\/\/www.costamalagatransfers.com\/es\/metodos-de-pago\/#breadcrumb\",\"itemListElement\":[{\"@type\":\"ListItem\",\"position\":1,\"name\":\"Home\",\"item\":\"https:\/\/www.costamalagatransfers.com\/es\/inicio\/\"},{\"@type\":\"ListItem\",\"position\":2,\"name\":\"M\u00e9todos de Pago\"}]},{\"@type\":\"WebSite\",\"@id\":\"https:\/\/www.costamalagatransfers.com\/#website\",\"url\":\"https:\/\/www.costamalagatransfers.com\/\",\"name\":\"Costa Malaga Transfer \u2013 Premium Malaga Airport Taxi & Shuttle Service\",\"description\":\"Costa M\u00e1laga Transfers\",\"publisher\":{\"@id\":\"https:\/\/www.costamalagatransfers.com\/#\/schema\/person\/3753178c13a923d08a0e8b93507c4934\"},\"alternateName\":\"CMT Transfers\",\"potentialAction\":[{\"@type\":\"SearchAction\",\"target\":{\"@type\":\"EntryPoint\",\"urlTemplate\":\"https:\/\/www.costamalagatransfers.com\/?s={search_term_string}\"},\"query-input\":{\"@type\":\"PropertyValueSpecification\",\"valueRequired\":true,\"valueName\":\"search_term_string\"}}],\"inLanguage\":\"es\"},{\"@type\":[\"Person\",\"Organization\"],\"@id\":\"https:\/\/www.costamalagatransfers.com\/#\/schema\/person\/3753178c13a923d08a0e8b93507c4934\",\"name\":\"Curro Costa M\u00e1laga Transfer\",\"image\":{\"@type\":\"ImageObject\",\"inLanguage\":\"es\",\"@id\":\"https:\/\/www.costamalagatransfers.com\/#\/schema\/person\/image\/\",\"url\":\"https:\/\/secure.gravatar.com\/avatar\/aeb93365880d77ee1d192916c92de1cd65b3843fb244bf54cbe1631d31168b28?s=96&d=mm&r=g\",\"contentUrl\":\"https:\/\/secure.gravatar.com\/avatar\/aeb93365880d77ee1d192916c92de1cd65b3843fb244bf54cbe1631d31168b28?s=96&d=mm&r=g\",\"caption\":\"Curro Costa M\u00e1laga Transfer\"},\"logo\":{\"@id\":\"https:\/\/www.costamalagatransfers.com\/#\/schema\/person\/image\/\"}}]}<\/script>\n<!-- \/ Yoast SEO plugin. -->","yoast_head_json":{"title":"M\u00e9todos de Pago - Costa M\u00e1laga Transfers","description":"Costa Malaga Transfer offers 24\/7 private airport transfers to Marbella, Granada, Gibraltar, and all Costa del Sol destinations and more. Enjoy safe, on-time, and fixed-price rides with professional drivers.","robots":{"index":"index","follow":"follow","max-snippet":"max-snippet:-1","max-image-preview":"max-image-preview:large","max-video-preview":"max-video-preview:-1"},"canonical":"https:\/\/www.costamalagatransfers.com\/es\/metodos-de-pago\/","og_locale":"es_ES","og_type":"article","og_title":"M\u00e9todos de Pago - Costa M\u00e1laga Transfers","og_description":"Costa Malaga Transfer offers 24\/7 private airport transfers to Marbella, Granada, Gibraltar, and all Costa del Sol destinations and more. Enjoy safe, on-time, and fixed-price rides with professional drivers.","og_url":"https:\/\/www.costamalagatransfers.com\/es\/metodos-de-pago\/","og_site_name":"Costa M\u00e1laga Transfers","article_modified_time":"2022-05-27T06:34:05+00:00","twitter_card":"summary_large_image","twitter_misc":{"Tiempo de lectura":"3 minutos"},"schema":{"@context":"https:\/\/schema.org","@graph":[{"@type":"WebPage","@id":"https:\/\/www.costamalagatransfers.com\/es\/metodos-de-pago\/","url":"https:\/\/www.costamalagatransfers.com\/es\/metodos-de-pago\/","name":"M\u00e9todos de Pago - Costa M\u00e1laga Transfers","isPartOf":{"@id":"https:\/\/www.costamalagatransfers.com\/#website"},"datePublished":"2022-05-24T08:41:10+00:00","dateModified":"2022-05-27T06:34:05+00:00","description":"Costa Malaga Transfer offers 24\/7 private airport transfers to Marbella, Granada, Gibraltar, and all Costa del Sol destinations and more. Enjoy safe, on-time, and fixed-price rides with professional drivers.","breadcrumb":{"@id":"https:\/\/www.costamalagatransfers.com\/es\/metodos-de-pago\/#breadcrumb"},"inLanguage":"es","potentialAction":[{"@type":"ReadAction","target":["https:\/\/www.costamalagatransfers.com\/es\/metodos-de-pago\/"]}]},{"@type":"BreadcrumbList","@id":"https:\/\/www.costamalagatransfers.com\/es\/metodos-de-pago\/#breadcrumb","itemListElement":[{"@type":"ListItem","position":1,"name":"Home","item":"https:\/\/www.costamalagatransfers.com\/es\/inicio\/"},{"@type":"ListItem","position":2,"name":"M\u00e9todos de Pago"}]},{"@type":"WebSite","@id":"https:\/\/www.costamalagatransfers.com\/#website","url":"https:\/\/www.costamalagatransfers.com\/","name":"Costa Malaga Transfer \u2013 Premium Malaga Airport Taxi & Shuttle Service","description":"Costa M\u00e1laga Transfers","publisher":{"@id":"https:\/\/www.costamalagatransfers.com\/#\/schema\/person\/3753178c13a923d08a0e8b93507c4934"},"alternateName":"CMT Transfers","potentialAction":[{"@type":"SearchAction","target":{"@type":"EntryPoint","urlTemplate":"https:\/\/www.costamalagatransfers.com\/?s={search_term_string}"},"query-input":{"@type":"PropertyValueSpecification","valueRequired":true,"valueName":"search_term_string"}}],"inLanguage":"es"},{"@type":["Person","Organization"],"@id":"https:\/\/www.costamalagatransfers.com\/#\/schema\/person\/3753178c13a923d08a0e8b93507c4934","name":"Curro Costa M\u00e1laga Transfer","image":{"@type":"ImageObject","inLanguage":"es","@id":"https:\/\/www.costamalagatransfers.com\/#\/schema\/person\/image\/","url":"https:\/\/secure.gravatar.com\/avatar\/aeb93365880d77ee1d192916c92de1cd65b3843fb244bf54cbe1631d31168b28?s=96&d=mm&r=g","contentUrl":"https:\/\/secure.gravatar.com\/avatar\/aeb93365880d77ee1d192916c92de1cd65b3843fb244bf54cbe1631d31168b28?s=96&d=mm&r=g","caption":"Curro Costa M\u00e1laga Transfer"},"logo":{"@id":"https:\/\/www.costamalagatransfers.com\/#\/schema\/person\/image\/"}}]}},"_links":{"self":[{"href":"https:\/\/www.costamalagatransfers.com\/es\/wp-json\/wp\/v2\/pages\/11807","targetHints":{"allow":["GET"]}}],"collection":[{"href":"https:\/\/www.costamalagatransfers.com\/es\/wp-json\/wp\/v2\/pages"}],"about":[{"href":"https:\/\/www.costamalagatransfers.com\/es\/wp-json\/wp\/v2\/types\/page"}],"author":[{"embeddable":true,"href":"https:\/\/www.costamalagatransfers.com\/es\/wp-json\/wp\/v2\/users\/1"}],"replies":[{"embeddable":true,"href":"https:\/\/www.costamalagatransfers.com\/es\/wp-json\/wp\/v2\/comments?post=11807"}],"version-history":[{"count":0,"href":"https:\/\/www.costamalagatransfers.com\/es\/wp-json\/wp\/v2\/pages\/11807\/revisions"}],"wp:attachment":[{"href":"https:\/\/www.costamalagatransfers.com\/es\/wp-json\/wp\/v2\/media?parent=11807"}],"curies":[{"name":"wp","href":"https:\/\/api.w.org\/{rel}","templated":true}]}}